{"id":788,"date":"2024-02-05T11:30:15","date_gmt":"2024-02-05T10:30:15","guid":{"rendered":"https:\/\/troa-d.fr\/?page_id=788"},"modified":"2024-02-05T13:05:13","modified_gmt":"2024-02-05T12:05:13","slug":"mentions-legales","status":"publish","type":"page","link":"https:\/\/troa-d.fr\/index.php\/mentions-legales\/","title":{"rendered":"Mentions l\u00e9gales"},"content":{"rendered":"\t\t<div data-elementor-type=\"wp-page\" data-elementor-id=\"788\" class=\"elementor elementor-788\">\n\t\t\t\t<div class=\"elementor-element elementor-element-46ecd4e e-flex e-con-boxed e-con e-parent\" data-id=\"46ecd4e\" data-element_type=\"container\">\n\t\t\t\t\t<div class=\"e-con-inner\">\n\t\t\t\t<div class=\"elementor-element elementor-element-23e73cc elementor-widget elementor-widget-text-editor\" data-id=\"23e73cc\" data-element_type=\"widget\" data-widget_type=\"text-editor.default\">\n\t\t\t\t<div class=\"elementor-widget-container\">\n\t\t\t\t\t\t\t\t\t<p>Ce site est \u00e9dit\u00e9 par la soci\u00e9t\u00e9 Troa-D Maker.<\/p><p><span style=\"text-decoration: underline;\">Si\u00e8ge social :<\/span> Troa-D Maker<\/p><p>456 Chemin d&rsquo;Olaso, 64310 Saint p\u00e9e sur nivelle<\/p><p>T\u00e9l\u00e9phone : +33 (0)6.40.20.42.48<\/p><p><span style=\"text-decoration: underline;\">Responsable de la r\u00e9daction :<\/span><\/p><p>Troa-D Maker<\/p><p><span style=\"text-decoration: underline;\">D\u00e9veloppement :\u00a0<\/span><\/p><p>Troa-D Maker<\/p><p><span style=\"text-decoration: underline;\">H\u00e9bergement :<\/span><\/p><p><span style=\"text-align: var(--text-align);\">OVH, SAS,\u00a0<\/span><\/p><p><span style=\"text-align: var(--text-align);\">soci\u00e9t\u00e9 de droit fran\u00e7ais,\u00a0<\/span><\/p><p><span style=\"text-align: var(--text-align);\">\u00e9lisant domicile 2 rue Kellermann 59100 Roubaix,<\/span><\/p><p><span style=\"text-align: var(--text-align);\">inscrite au RCS de Roubaix au num\u00e9ro B424 761 419<\/span><\/p><p><span style=\"text-align: var(--text-align);\">T\u00e8l : 1007<\/span><\/p><p>Aucune information personnelle n&rsquo;est collect\u00e9e \u00e0 votre insu. Les informations que vous nous communiquez lors d\u2019une demande de devis, de renseignements ou d\u2019inscription \u00e0 la newsletter par courrier, par t\u00e9l\u00e9phone, par e-mail ou par formulaire sont uniquement destin\u00e9es au traitement administratif et commercial de votre demande par la soci\u00e9t\u00e9\u00a0<span style=\"text-align: var(--text-align);\">Troa-D Maker<\/span><span style=\"text-align: var(--text-align);\">.<\/span><\/p><p>Elles ne font l&rsquo;objet d&rsquo;aucune cession \u00e0 des tiers.\u00a0<span style=\"text-align: var(--text-align);\">Troa-D Maker<\/span><span style=\"text-align: var(--text-align);\">\u00a0traite les informations qui vous concernent avec la plus grande confidentialit\u00e9.<\/span><\/p><p>Conform\u00e9ment \u00e0 la loi \u00ab Informatique et Libert\u00e9s \u00bb n\u00b078-17 du 6 janvier 1978, vous disposez d&rsquo;un droit d&rsquo;acc\u00e8s, de rectification et d&rsquo;opposition aux donn\u00e9es personnelles vous concernant. Pour l&rsquo;exercer, il suffit de nous en faire la demande par \u00e9crit aux coordonn\u00e9es suivantes :\u00a0<span style=\"text-align: var(--text-align);\">Troa-D Maker<\/span><\/p><p>, 456 Chemin d&rsquo;Olaso, 64310 Saint p\u00e9e sur nivelle , France.<\/p><p><span style=\"text-decoration: underline;\">Droit d&rsquo;auteur \/ copyright<\/span><\/p><p>L&rsquo;ensemble du contenu du pr\u00e9sent site Internet, y compris nom de domaine, marques, logo, texte\u2026 est la propri\u00e9t\u00e9 de la soci\u00e9t\u00e9 Troa-D Maker, il est prot\u00e9g\u00e9 par les lois en vigueur de la l\u00e9gislation fran\u00e7aise sur la propri\u00e9t\u00e9 intellectuelle.<\/p><p>Aucun \u00e9l\u00e9ment de ce site ne peut \u00eatre copi\u00e9, reproduit, d\u00e9tourn\u00e9 ou d\u00e9natur\u00e9, et ce, sur quelque support que ce soit, sans constituer un acte de contrefa\u00e7on au sens des articles L 335-2 et suivants du code de la propri\u00e9t\u00e9 intellectuelle.<\/p><p><span style=\"text-decoration: underline;\">Acc\u00e8s au site<\/span><\/p><p>L&rsquo;utilisateur de ce site reconna\u00eet disposer de la comp\u00e9tence et des moyens n\u00e9cessaires pour acc\u00e9der et utiliser ce site. Troa-D Maker ne saurait \u00eatre tenu responsable des \u00e9l\u00e9ments en dehors de son contr\u00f4le et des dommages qui pourraient \u00e9ventuellement \u00eatre subis par l&rsquo;environnement technique de l&rsquo;utilisateur et notamment, ses ordinateurs, logiciels, \u00e9quipements r\u00e9seaux et tout autre mat\u00e9riel utilis\u00e9 pour acc\u00e9der ou utiliser le service et\/ou les informations.<\/p><p>Il est rappel\u00e9 que le fait d&rsquo;acc\u00e9der ou de se maintenir frauduleusement dans un syst\u00e8me informatique, d&rsquo;entraver ou de fausser le fonctionnement d&rsquo;un tel syst\u00e8me, d&rsquo;introduire ou de modifier frauduleusement des donn\u00e9es dans un syst\u00e8me informatique constitue des d\u00e9lits passibles de sanctions p\u00e9nales.<\/p><p><span style=\"text-decoration: underline;\">Limitation de responsabilit\u00e9<\/span><\/p><p>Troa-D Maker s&rsquo;attache \u00e0 transmettre des informations r\u00e9guli\u00e8rement mises \u00e0 jour, notamment sur les actualit\u00e9s ainsi que sur le contenu des articles. Toutefois des informations erron\u00e9es ou des omissions peuvent \u00eatre constat\u00e9es, suite notamment \u00e0 des erreurs de saisie ou de mise en page. Si vous en faisiez le constat nous vous invitons \u00e0 nous le signaler pour que nous puissions proc\u00e9der \u00e0 leur rectification.<\/p><p>Nous nous r\u00e9servons par ailleurs le droit de modifier les informations ou les \u00e9ventuelles offres commerciales fournies par le pr\u00e9sent site, dans le cadre de nos op\u00e9rations d&rsquo;actualisation et de mise \u00e0 jour des donn\u00e9es, et ce sans pr\u00e9avis.<\/p><p>Les liens hypertextes mis en oeuvre au sein du pr\u00e9sent site Internet, en direction d&rsquo;autres sites et\/ou de pages personnelles et d&rsquo;une mani\u00e8re g\u00e9n\u00e9rale vers toutes ressources existantes sur Internet, ne sauraient engager la responsabilit\u00e9 de Troa-D Maker.<\/p><p>De m\u00eame que la soci\u00e9t\u00e9 Troa-D Maker ne pourra en aucune fa\u00e7on \u00eatre tenue pour responsable des sites ayant un lien hypertexte avec le pr\u00e9sent site et d\u00e9cline toute responsabilit\u00e9 quant \u00e0 leur contenu et \u00e0 leur utilisation.<\/p><p>Source : http:\/\/www.journaldunet.com\/ebusiness\/le-net\/mentions-legales-site.shtml<\/p>\t\t\t\t\t\t\t\t<\/div>\n\t\t\t\t<\/div>\n\t\t\t\t\t<\/div>\n\t\t\t\t<\/div>\n\t\t<div class=\"elementor-element elementor-element-0f934dc e-flex e-con-boxed e-con e-parent\" data-id=\"0f934dc\" data-element_type=\"container\">\n\t\t\t\t\t<div class=\"e-con-inner\">\n\t\t<div class=\"elementor-element elementor-element-b3e3982 e-con-full e-flex e-con e-child\" data-id=\"b3e3982\" data-element_type=\"container\">\n\t\t\t\t<div class=\"elementor-element elementor-element-5be462c elementor-widget elementor-widget-heading\" data-id=\"5be462c\" data-element_type=\"widget\" data-widget_type=\"heading.default\">\n\t\t\t\t<div class=\"elementor-widget-container\">\n\t\t\t\t\t<h2 class=\"elementor-heading-title elementor-size-default\"><a href=\"https:\/\/troa-d.fr\/index.php\/cgu\/\" target=\"_blank\">CGU<br><\/a><\/h2>\t\t\t\t<\/div>\n\t\t\t\t<\/div>\n\t\t\t\t<\/div>\n\t\t<div class=\"elementor-element elementor-element-c9f5f2e e-con-full e-flex e-con e-child\" data-id=\"c9f5f2e\" data-element_type=\"container\">\n\t\t\t\t<div class=\"elementor-element elementor-element-8c36922 elementor-widget elementor-widget-heading\" data-id=\"8c36922\" data-element_type=\"widget\" data-widget_type=\"heading.default\">\n\t\t\t\t<div class=\"elementor-widget-container\">\n\t\t\t\t\t<h2 class=\"elementor-heading-title elementor-size-default\"><a href=\"https:\/\/troa-d.fr\/index.php\/cgv\/\" target=\"_blank\">CGV<\/a><\/h2>\t\t\t\t<\/div>\n\t\t\t\t<\/div>\n\t\t\t\t<\/div>\n\t\t<div class=\"elementor-element elementor-element-c90d6d6 e-con-full e-flex e-con e-child\" data-id=\"c90d6d6\" data-element_type=\"container\">\n\t\t\t\t<div class=\"elementor-element elementor-element-6290bf1 elementor-widget elementor-widget-heading\" data-id=\"6290bf1\" data-element_type=\"widget\" data-widget_type=\"heading.default\">\n\t\t\t\t<div class=\"elementor-widget-container\">\n\t\t\t\t\t<h2 class=\"elementor-heading-title elementor-size-default\"><a href=\"https:\/\/troa-d.fr\/index.php\/politique-de-confidentialite\/\" target=\"_blank\">Confidentialit\u00e9<\/a><\/h2>\t\t\t\t<\/div>\n\t\t\t\t<\/div>\n\t\t\t\t<\/div>\n\t\t\t\t\t<\/div>\n\t\t\t\t<\/div>\n\t\t\t\t<\/div>\n\t\t","protected":false},"excerpt":{"rendered":"<p>Ce site est \u00e9dit\u00e9 par la soci\u00e9t\u00e9 Troa-D Maker. Si\u00e8ge social : Troa-D Maker 456 Chemin d&rsquo;Olaso, 64310 Saint p\u00e9e sur nivelle T\u00e9l\u00e9phone : +33 (0)6.40.20.42.48 Responsable de la r\u00e9daction : Troa-D Maker D\u00e9veloppement :\u00a0 Troa-D Maker H\u00e9bergement : OVH, SAS,\u00a0 soci\u00e9t\u00e9 de droit fran\u00e7ais,\u00a0 \u00e9lisant domicile 2 rue Kellermann 59100 Roubaix, inscrite au RCS [&hellip;]<\/p>\n","protected":false},"author":1,"featured_media":0,"parent":0,"menu_order":0,"comment_status":"closed","ping_status":"closed","template":"","meta":{"footnotes":""},"class_list":["post-788","page","type-page","status-publish","hentry","wpbf-post"],"yoast_head":"<!-- This site is optimized with the Yoast SEO plugin v26.2 - https:\/\/yoast.com\/wordpress\/plugins\/seo\/ -->\n<title>Mentions l\u00e9gales - Troa-D Maker<\/title>\n<meta name=\"robots\" content=\"index, follow, max-snippet:-1, max-image-preview:large, max-video-preview:-1\" \/>\n<link rel=\"canonical\" href=\"https:\/\/troa-d.fr\/index.php\/mentions-legales\/\" \/>\n<meta property=\"og:locale\" content=\"fr_FR\" \/>\n<meta property=\"og:type\" content=\"article\" \/>\n<meta property=\"og:title\" content=\"Mentions l\u00e9gales - Troa-D Maker\" \/>\n<meta property=\"og:description\" content=\"Ce site est \u00e9dit\u00e9 par la soci\u00e9t\u00e9 Troa-D Maker. Si\u00e8ge social : Troa-D Maker 456 Chemin d&rsquo;Olaso, 64310 Saint p\u00e9e sur nivelle T\u00e9l\u00e9phone : +33 (0)6.40.20.42.48 Responsable de la r\u00e9daction : Troa-D Maker D\u00e9veloppement :\u00a0 Troa-D Maker H\u00e9bergement : OVH, SAS,\u00a0 soci\u00e9t\u00e9 de droit fran\u00e7ais,\u00a0 \u00e9lisant domicile 2 rue Kellermann 59100 Roubaix, inscrite au RCS [&hellip;]\" \/>\n<meta property=\"og:url\" content=\"https:\/\/troa-d.fr\/index.php\/mentions-legales\/\" \/>\n<meta property=\"og:site_name\" content=\"Troa-D Maker\" \/>\n<meta property=\"article:modified_time\" content=\"2024-02-05T12:05:13+00:00\" \/>\n<meta property=\"og:image\" content=\"https:\/\/troa-d.fr\/wp-content\/uploads\/2024\/01\/cropped-trao-d-maker-3D-scaled-1.jpg\" \/>\n\t<meta property=\"og:image:width\" content=\"1185\" \/>\n\t<meta property=\"og:image:height\" content=\"1255\" \/>\n\t<meta property=\"og:image:type\" content=\"image\/jpeg\" \/>\n<meta name=\"twitter:card\" content=\"summary_large_image\" \/>\n<meta name=\"twitter:label1\" content=\"Dur\u00e9e de lecture estim\u00e9e\" \/>\n\t<meta name=\"twitter:data1\" content=\"3 minutes\" \/>\n<script type=\"application\/ld+json\" class=\"yoast-schema-graph\">{\"@context\":\"https:\/\/schema.org\",\"@graph\":[{\"@type\":\"WebPage\",\"@id\":\"https:\/\/troa-d.fr\/index.php\/mentions-legales\/\",\"url\":\"https:\/\/troa-d.fr\/index.php\/mentions-legales\/\",\"name\":\"Mentions l\u00e9gales - Troa-D Maker\",\"isPartOf\":{\"@id\":\"https:\/\/troa-d.fr\/#website\"},\"datePublished\":\"2024-02-05T10:30:15+00:00\",\"dateModified\":\"2024-02-05T12:05:13+00:00\",\"breadcrumb\":{\"@id\":\"https:\/\/troa-d.fr\/index.php\/mentions-legales\/#breadcrumb\"},\"inLanguage\":\"fr-FR\",\"potentialAction\":[{\"@type\":\"ReadAction\",\"target\":[\"https:\/\/troa-d.fr\/index.php\/mentions-legales\/\"]}]},{\"@type\":\"BreadcrumbList\",\"@id\":\"https:\/\/troa-d.fr\/index.php\/mentions-legales\/#breadcrumb\",\"itemListElement\":[{\"@type\":\"ListItem\",\"position\":1,\"name\":\"Accueil\",\"item\":\"https:\/\/troa-d.fr\/\"},{\"@type\":\"ListItem\",\"position\":2,\"name\":\"Mentions l\u00e9gales\"}]},{\"@type\":\"WebSite\",\"@id\":\"https:\/\/troa-d.fr\/#website\",\"url\":\"https:\/\/troa-d.fr\/\",\"name\":\"Troa-D\",\"description\":\"Conception &amp; r\u00e9alisation 3D\",\"publisher\":{\"@id\":\"https:\/\/troa-d.fr\/#organization\"},\"potentialAction\":[{\"@type\":\"SearchAction\",\"target\":{\"@type\":\"EntryPoint\",\"urlTemplate\":\"https:\/\/troa-d.fr\/?s={search_term_string}\"},\"query-input\":{\"@type\":\"PropertyValueSpecification\",\"valueRequired\":true,\"valueName\":\"search_term_string\"}}],\"inLanguage\":\"fr-FR\"},{\"@type\":\"Organization\",\"@id\":\"https:\/\/troa-d.fr\/#organization\",\"name\":\"Troa-D\",\"url\":\"https:\/\/troa-d.fr\/\",\"logo\":{\"@type\":\"ImageObject\",\"inLanguage\":\"fr-FR\",\"@id\":\"https:\/\/troa-d.fr\/#\/schema\/logo\/image\/\",\"url\":\"https:\/\/troa-d.fr\/wp-content\/uploads\/2024\/01\/cropped-trao-d-maker-01.png\",\"contentUrl\":\"https:\/\/troa-d.fr\/wp-content\/uploads\/2024\/01\/cropped-trao-d-maker-01.png\",\"width\":558,\"height\":543,\"caption\":\"Troa-D\"},\"image\":{\"@id\":\"https:\/\/troa-d.fr\/#\/schema\/logo\/image\/\"}}]}<\/script>\n<!-- \/ Yoast SEO plugin. -->","yoast_head_json":{"title":"Mentions l\u00e9gales - Troa-D Maker","robots":{"index":"index","follow":"follow","max-snippet":"max-snippet:-1","max-image-preview":"max-image-preview:large","max-video-preview":"max-video-preview:-1"},"canonical":"https:\/\/troa-d.fr\/index.php\/mentions-legales\/","og_locale":"fr_FR","og_type":"article","og_title":"Mentions l\u00e9gales - Troa-D Maker","og_description":"Ce site est \u00e9dit\u00e9 par la soci\u00e9t\u00e9 Troa-D Maker. Si\u00e8ge social : Troa-D Maker 456 Chemin d&rsquo;Olaso, 64310 Saint p\u00e9e sur nivelle T\u00e9l\u00e9phone : +33 (0)6.40.20.42.48 Responsable de la r\u00e9daction : Troa-D Maker D\u00e9veloppement :\u00a0 Troa-D Maker H\u00e9bergement : OVH, SAS,\u00a0 soci\u00e9t\u00e9 de droit fran\u00e7ais,\u00a0 \u00e9lisant domicile 2 rue Kellermann 59100 Roubaix, inscrite au RCS [&hellip;]","og_url":"https:\/\/troa-d.fr\/index.php\/mentions-legales\/","og_site_name":"Troa-D Maker","article_modified_time":"2024-02-05T12:05:13+00:00","og_image":[{"width":1185,"height":1255,"url":"https:\/\/troa-d.fr\/wp-content\/uploads\/2024\/01\/cropped-trao-d-maker-3D-scaled-1.jpg","type":"image\/jpeg"}],"twitter_card":"summary_large_image","twitter_misc":{"Dur\u00e9e de lecture estim\u00e9e":"3 minutes"},"schema":{"@context":"https:\/\/schema.org","@graph":[{"@type":"WebPage","@id":"https:\/\/troa-d.fr\/index.php\/mentions-legales\/","url":"https:\/\/troa-d.fr\/index.php\/mentions-legales\/","name":"Mentions l\u00e9gales - Troa-D Maker","isPartOf":{"@id":"https:\/\/troa-d.fr\/#website"},"datePublished":"2024-02-05T10:30:15+00:00","dateModified":"2024-02-05T12:05:13+00:00","breadcrumb":{"@id":"https:\/\/troa-d.fr\/index.php\/mentions-legales\/#breadcrumb"},"inLanguage":"fr-FR","potentialAction":[{"@type":"ReadAction","target":["https:\/\/troa-d.fr\/index.php\/mentions-legales\/"]}]},{"@type":"BreadcrumbList","@id":"https:\/\/troa-d.fr\/index.php\/mentions-legales\/#breadcrumb","itemListElement":[{"@type":"ListItem","position":1,"name":"Accueil","item":"https:\/\/troa-d.fr\/"},{"@type":"ListItem","position":2,"name":"Mentions l\u00e9gales"}]},{"@type":"WebSite","@id":"https:\/\/troa-d.fr\/#website","url":"https:\/\/troa-d.fr\/","name":"Troa-D","description":"Conception &amp; r\u00e9alisation 3D","publisher":{"@id":"https:\/\/troa-d.fr\/#organization"},"potentialAction":[{"@type":"SearchAction","target":{"@type":"EntryPoint","urlTemplate":"https:\/\/troa-d.fr\/?s={search_term_string}"},"query-input":{"@type":"PropertyValueSpecification","valueRequired":true,"valueName":"search_term_string"}}],"inLanguage":"fr-FR"},{"@type":"Organization","@id":"https:\/\/troa-d.fr\/#organization","name":"Troa-D","url":"https:\/\/troa-d.fr\/","logo":{"@type":"ImageObject","inLanguage":"fr-FR","@id":"https:\/\/troa-d.fr\/#\/schema\/logo\/image\/","url":"https:\/\/troa-d.fr\/wp-content\/uploads\/2024\/01\/cropped-trao-d-maker-01.png","contentUrl":"https:\/\/troa-d.fr\/wp-content\/uploads\/2024\/01\/cropped-trao-d-maker-01.png","width":558,"height":543,"caption":"Troa-D"},"image":{"@id":"https:\/\/troa-d.fr\/#\/schema\/logo\/image\/"}}]}},"_links":{"self":[{"href":"https:\/\/troa-d.fr\/index.php\/wp-json\/wp\/v2\/pages\/788","targetHints":{"allow":["GET"]}}],"collection":[{"href":"https:\/\/troa-d.fr\/index.php\/wp-json\/wp\/v2\/pages"}],"about":[{"href":"https:\/\/troa-d.fr\/index.php\/wp-json\/wp\/v2\/types\/page"}],"author":[{"embeddable":true,"href":"https:\/\/troa-d.fr\/index.php\/wp-json\/wp\/v2\/users\/1"}],"replies":[{"embeddable":true,"href":"https:\/\/troa-d.fr\/index.php\/wp-json\/wp\/v2\/comments?post=788"}],"version-history":[{"count":26,"href":"https:\/\/troa-d.fr\/index.php\/wp-json\/wp\/v2\/pages\/788\/revisions"}],"predecessor-version":[{"id":861,"href":"https:\/\/troa-d.fr\/index.php\/wp-json\/wp\/v2\/pages\/788\/revisions\/861"}],"wp:attachment":[{"href":"https:\/\/troa-d.fr\/index.php\/wp-json\/wp\/v2\/media?parent=788"}],"curies":[{"name":"wp","href":"https:\/\/api.w.org\/{rel}","templated":true}]}}